{"id":2,"date":"2020-12-06T22:07:09","date_gmt":"2020-12-06T21:07:09","guid":{"rendered":"https:\/\/auftrab.eu\/?page_id=2"},"modified":"2021-01-26T22:10:36","modified_gmt":"2021-01-26T21:10:36","slug":"beispiel-seite","status":"publish","type":"page","link":"https:\/\/auftrab.eu\/index.php\/beispiel-seite\/","title":{"rendered":"Tessa"},"content":{"rendered":"\n<p>Ich bin die Tessa, die Herdenchefin und mit fast 21 Jahren (19. Juni 1999) auch die \u00c4lteste. Ich bin laut Papiere eine echte in der Steiermark geborene Walisin, ein Welsh Cob D mit dem etwas peinlichen Namen Edelbrunn Nice Comtessa. Meine Chefin hat mich sehr g\u00fcnstig mit f\u00fcnf Jahren bekommen, weil ich im Gel\u00e4nde so st\u00fcrmisch bin. Inzwischen bin ich lammfromm, immer noch sehr ehrgeizig f\u00fcr mein Alter und liebe auch die Bodenarbeit \u2013 Parelli bzw. Natural Horsemanship. Ich kann vor allem nach dem Galopp immer noch ganz sch\u00f6n flott sein, nicht nur unterm Sattel, sondern auch vor der Kutsche. Ich bin trotz meines Alters noch sehr fesch, nicht ganz so zutraulich wie meine Kids, Fremden gegen\u00fcber anfangs etwas misstrauisch, aber eine Seele von Pferd, sobald ich Dir vertraue und sehr kinderlieb.<\/p>\n\n\n\n<figure class=\"wp-block-image size-large\"><img loading=\"lazy\" decoding=\"async\" width=\"1024\" height=\"685\" src=\"https:\/\/auftrab.eu\/wp-content\/uploads\/2020\/12\/ZuchtschauOstThessaSchleife2013-1024x685.jpg\" alt=\"\" class=\"wp-image-87\" srcset=\"https:\/\/auftrab.eu\/wp-content\/uploads\/2020\/12\/ZuchtschauOstThessaSchleife2013-1024x685.jpg 1024w, https:\/\/auftrab.eu\/wp-content\/uploads\/2020\/12\/ZuchtschauOstThessaSchleife2013-300x201.jpg 300w, https:\/\/auftrab.eu\/wp-content\/uploads\/2020\/12\/ZuchtschauOstThessaSchleife2013-768x514.jpg 768w, https:\/\/auftrab.eu\/wp-content\/uploads\/2020\/12\/ZuchtschauOstThessaSchleife2013-1536x1028.jpg 1536w, https:\/\/auftrab.eu\/wp-content\/uploads\/2020\/12\/ZuchtschauOstThessaSchleife2013-2048x1371.jpg 2048w\" sizes=\"auto, (max-width: 1024px) 100vw, 1024px\" \/><figcaption>SONY DSC<\/figcaption><\/figure>\n","protected":false},"excerpt":{"rendered":"<p>Ich bin die Tessa, die Herdenchefin und mit fast 21 Jahren (19. Juni 1999) auch die \u00c4lteste. Ich bin laut Papiere eine echte in der Steiermark geborene Walisin, ein Welsh Cob D mit dem etwas peinlichen Namen Edelbrunn Nice Comtessa. Meine Chefin hat mich sehr g\u00fcnstig mit f\u00fcnf Jahren bekommen, weil ich im Gel\u00e4nde so [&hellip;]<\/p>\n","protected":false},"author":1,"featured_media":87,"parent":0,"menu_order":0,"comment_status":"closed","ping_status":"open","template":"","meta":{"footnotes":""},"class_list":["post-2","page","type-page","status-publish","has-post-thumbnail","hentry","has-thumbnail"],"_links":{"self":[{"href":"https:\/\/auftrab.eu\/index.php\/wp-json\/wp\/v2\/pages\/2","targetHints":{"allow":["GET"]}}],"collection":[{"href":"https:\/\/auftrab.eu\/index.php\/wp-json\/wp\/v2\/pages"}],"about":[{"href":"https:\/\/auftrab.eu\/index.php\/wp-json\/wp\/v2\/types\/page"}],"author":[{"embeddable":true,"href":"https:\/\/auftrab.eu\/index.php\/wp-json\/wp\/v2\/users\/1"}],"replies":[{"embeddable":true,"href":"https:\/\/auftrab.eu\/index.php\/wp-json\/wp\/v2\/comments?post=2"}],"version-history":[{"count":4,"href":"https:\/\/auftrab.eu\/index.php\/wp-json\/wp\/v2\/pages\/2\/revisions"}],"predecessor-version":[{"id":173,"href":"https:\/\/auftrab.eu\/index.php\/wp-json\/wp\/v2\/pages\/2\/revisions\/173"}],"wp:featuredmedia":[{"embeddable":true,"href":"https:\/\/auftrab.eu\/index.php\/wp-json\/wp\/v2\/media\/87"}],"wp:attachment":[{"href":"https:\/\/auftrab.eu\/index.php\/wp-json\/wp\/v2\/media?parent=2"}],"curies":[{"name":"wp","href":"https:\/\/api.w.org\/{rel}","templated":true}]}}