{"id":34,"date":"2020-12-06T22:56:32","date_gmt":"2020-12-06T21:56:32","guid":{"rendered":"https:\/\/auftrab.eu\/?page_id=34"},"modified":"2021-01-26T22:11:20","modified_gmt":"2021-01-26T21:11:20","slug":"element-2","status":"publish","type":"page","link":"https:\/\/auftrab.eu\/index.php\/element-2\/","title":{"rendered":"Velvet"},"content":{"rendered":"\n<p>Hi! Ich bin die neunj\u00e4hrige Tochter von Tessa, geboren am 27. April 2011. Ich schaue ganz wie der Papa aus, Fronarth Trysor, ein norddeutscher Glanzrappe und echter Hingucker. Meine Chefin versucht mich in der Dressur auszubilden, was mir viel Spass macht, auch wenn es mir oft schwer f\u00e4llt mich links zu biegen. Ich reite gerne aus, manchmal darf ich sogar als Begleitpferd frei nebenher rennen. Das ist echt cool. Meine Kutsche ziehe ich auch gerne. Da ist meine Chefin n\u00e4mlich ganz alleine mit mir unterwegs. Ich liebe grunds\u00e4tzlich ungeteilte Aufmerksamkeit, bin schnell eifers\u00fcchtig, vor allem auf Dancer. Wie Mama bin ich auch schon eine auf Level 2 bis 3 ausgebildete Parelli-J\u00fcngerin (Natural Horsemanship). Ziehe Dich am Besten wasserdicht an, wenn Du mich besuchst. Ich schlecke Zweibeiner so gerne ab und stierle am liebsten in ihren Taschen.<\/p>\n\n\n\n<figure class=\"wp-block-image size-large\"><img loading=\"lazy\" decoding=\"async\" width=\"1024\" height=\"768\" src=\"https:\/\/auftrab.eu\/wp-content\/uploads\/2020\/12\/Velvet-Kutsche-1024x768.jpg\" alt=\"\" class=\"wp-image-89\" srcset=\"https:\/\/auftrab.eu\/wp-content\/uploads\/2020\/12\/Velvet-Kutsche-1024x768.jpg 1024w, https:\/\/auftrab.eu\/wp-content\/uploads\/2020\/12\/Velvet-Kutsche-300x225.jpg 300w, https:\/\/auftrab.eu\/wp-content\/uploads\/2020\/12\/Velvet-Kutsche-768x576.jpg 768w, https:\/\/auftrab.eu\/wp-content\/uploads\/2020\/12\/Velvet-Kutsche-1536x1152.jpg 1536w, https:\/\/auftrab.eu\/wp-content\/uploads\/2020\/12\/Velvet-Kutsche-2048x1536.jpg 2048w\" sizes=\"auto, (max-width: 1024px) 100vw, 1024px\" \/><\/figure>\n","protected":false},"excerpt":{"rendered":"<p>Hi! Ich bin die neunj\u00e4hrige Tochter von Tessa, geboren am 27. April 2011. Ich schaue ganz wie der Papa aus, Fronarth Trysor, ein norddeutscher Glanzrappe und echter Hingucker. Meine Chefin versucht mich in der Dressur auszubilden, was mir viel Spass macht, auch wenn es mir oft schwer f\u00e4llt mich links zu biegen. Ich reite gerne [&hellip;]<\/p>\n","protected":false},"author":1,"featured_media":89,"parent":0,"menu_order":0,"comment_status":"closed","ping_status":"closed","template":"","meta":{"footnotes":""},"class_list":["post-34","page","type-page","status-publish","has-post-thumbnail","hentry","has-thumbnail"],"_links":{"self":[{"href":"https:\/\/auftrab.eu\/index.php\/wp-json\/wp\/v2\/pages\/34","targetHints":{"allow":["GET"]}}],"collection":[{"href":"https:\/\/auftrab.eu\/index.php\/wp-json\/wp\/v2\/pages"}],"about":[{"href":"https:\/\/auftrab.eu\/index.php\/wp-json\/wp\/v2\/types\/page"}],"author":[{"embeddable":true,"href":"https:\/\/auftrab.eu\/index.php\/wp-json\/wp\/v2\/users\/1"}],"replies":[{"embeddable":true,"href":"https:\/\/auftrab.eu\/index.php\/wp-json\/wp\/v2\/comments?post=34"}],"version-history":[{"count":3,"href":"https:\/\/auftrab.eu\/index.php\/wp-json\/wp\/v2\/pages\/34\/revisions"}],"predecessor-version":[{"id":174,"href":"https:\/\/auftrab.eu\/index.php\/wp-json\/wp\/v2\/pages\/34\/revisions\/174"}],"wp:featuredmedia":[{"embeddable":true,"href":"https:\/\/auftrab.eu\/index.php\/wp-json\/wp\/v2\/media\/89"}],"wp:attachment":[{"href":"https:\/\/auftrab.eu\/index.php\/wp-json\/wp\/v2\/media?parent=34"}],"curies":[{"name":"wp","href":"https:\/\/api.w.org\/{rel}","templated":true}]}}